{"id":5804,"date":"2016-06-20T07:48:11","date_gmt":"2016-06-20T07:48:11","guid":{"rendered":"https:\/\/shop.logos-a.com\/home\/"},"modified":"2024-06-17T10:05:53","modified_gmt":"2024-06-17T10:05:53","slug":"home","status":"publish","type":"page","link":"https:\/\/shop.logos-a.com\/sq\/","title":{"rendered":"Home"},"content":{"rendered":"<div class=\"wpb-content-wrapper\"><p>[vc_row wrap_container=&#8221;yes&#8221; conditional_render=&#8221;%5B%7B%22value_role%22%3A%22administrator%22%7D%5D&#8221;][vc_column width=&#8221;1\/4&#8243;]<div class=\"widget_sidebar_menu main-sidebar-menu wpb_custom_343cb06a7f002dd476dff3e4ba0578be\"><div class=\"sidebar-menu-wrap\"><ul id=\"menu-book-categories\" class=\"sidebar-menu\"><li id=\"nav-menu-item-4361\" class=\"menu-item menu-item-type-custom menu-item-object-custom  narrow \"><a href=\"#\"><i class=\"fab fa-readme\"><\/i>All Categories<\/a><\/li>\n<li id=\"nav-menu-item-4344\" class=\"menu-item menu-item-type-taxonomy menu-item-object-product_cat  narrow \"><a href=\"https:\/\/shop.logos-a.com\/sq\/product-category\/biblioteka-e-xhepit\/\"><i class=\"porto-icon-business-book\"><\/i>BIBLIOTEKA E XHEPIT<\/a><\/li>\n<li id=\"nav-menu-item-4345\" class=\"menu-item menu-item-type-taxonomy menu-item-object-product_cat  narrow \"><a href=\"https:\/\/shop.logos-a.com\/sq\/product-category\/botime-te-vecanta\/\"><i class=\"porto-icon-business-book\"><\/i>BOTIME T\u00cb VE\u00c7ANTA<\/a><\/li>\n<li id=\"nav-menu-item-4346\" class=\"menu-item menu-item-type-taxonomy menu-item-object-product_cat  narrow \"><a href=\"https:\/\/shop.logos-a.com\/sq\/product-category\/divan\/\"><i class=\"porto-icon-business-book\"><\/i>DIVAN<\/a><\/li>\n<li id=\"nav-menu-item-4347\" class=\"menu-item menu-item-type-taxonomy menu-item-object-product_cat  narrow \"><a href=\"https:\/\/shop.logos-a.com\/sq\/product-category\/elif\/\"><i class=\"porto-icon-business-book\"><\/i>ELIF<\/a><\/li>\n<li id=\"nav-menu-item-4348\" class=\"menu-item menu-item-type-taxonomy menu-item-object-product_cat  narrow \"><a href=\"https:\/\/shop.logos-a.com\/sq\/product-category\/filizat\/\"><i class=\"porto-icon-business-book\"><\/i>FILIZAT<\/a><\/li>\n<li id=\"nav-menu-item-4349\" class=\"menu-item menu-item-type-taxonomy menu-item-object-product_cat  narrow \"><a href=\"https:\/\/shop.logos-a.com\/sq\/product-category\/fjala\/\"><i class=\"porto-icon-business-book\"><\/i>FJALA<\/a><\/li>\n<li id=\"nav-menu-item-4350\" class=\"menu-item menu-item-type-taxonomy menu-item-object-product_cat  narrow \"><a href=\"https:\/\/shop.logos-a.com\/sq\/product-category\/kompletet\/\"><i class=\"porto-icon-business-book\"><\/i>Kompletet<\/a><\/li>\n<li id=\"nav-menu-item-4351\" class=\"menu-item menu-item-type-taxonomy menu-item-object-product_cat  narrow \"><a href=\"https:\/\/shop.logos-a.com\/sq\/product-category\/lexo\/\"><i class=\"porto-icon-business-book\"><\/i>LEXO<\/a><\/li>\n<li id=\"nav-menu-item-4352\" class=\"menu-item menu-item-type-taxonomy menu-item-object-product_cat  narrow \"><a href=\"https:\/\/shop.logos-a.com\/sq\/product-category\/mendimi-islam\/\"><i class=\"porto-icon-business-book\"><\/i>MENDIMI ISLAM<\/a><\/li>\n<li id=\"nav-menu-item-4353\" class=\"menu-item menu-item-type-taxonomy menu-item-object-product_cat  narrow \"><a href=\"https:\/\/shop.logos-a.com\/sq\/product-category\/tekste-shkollore\/\"><i class=\"porto-icon-business-book\"><\/i>TEKSTE SHKOLLORE<\/a><\/li>\n<li id=\"nav-menu-item-4354\" class=\"menu-item menu-item-type-taxonomy menu-item-object-product_cat  narrow \"><a href=\"https:\/\/shop.logos-a.com\/sq\/product-category\/tekste-universitare\/\"><i class=\"porto-icon-business-book\"><\/i>TEKSTE UNIVERSITARE<\/a><\/li>\n<\/ul><\/div><\/div>[\/vc_column][vc_column width=&#8221;3\/4&#8243;]\n\t\t\t<!-- START Slider 1 REVOLUTION SLIDER 6.7.34 --><p class=\"rs-p-wp-fix\"><\/p>\n\t\t\t<rs-module-wrap id=\"rev_slider_1_1_wrapper\" data-source=\"gallery\" style=\"visibility:hidden;background:transparent;padding:0;margin:0px auto;margin-top:0;margin-bottom:0;\">\n\t\t\t\t<rs-module id=\"rev_slider_1_1\" style=\"\" data-version=\"6.7.34\">\n\t\t\t\t\t<rs-slides style=\"overflow: hidden; position: absolute;\">\n\t\t\t\t\t\t<rs-slide style=\"position: absolute;\" data-key=\"rs-1\" data-title=\"Slide\" data-thumb=\"\/\/shop.logos-a.com\/wp-content\/uploads\/2024\/05\/shtune-50x100.jpg\" data-in=\"o:1;y:(-100%);col:5;\">\n\t\t\t\t\t\t\t<img decoding=\"async\" src=\"\/\/shop.logos-a.com\/wp-content\/plugins\/revslider\/sr6\/assets\/assets\/dummy.png\" alt=\"\" title=\"shtune\" width=\"2048\" height=\"1366\" class=\"rev-slidebg tp-rs-img rs-lazyload\" data-lazyload=\"\/\/shop.logos-a.com\/wp-content\/uploads\/2024\/05\/shtune.jpg\" data-no-retina>\n<!--\n\t\t\t\t\t\t\t--><rs-layer\n\t\t\t\t\t\t\t\tid=\"slider-1-slide-1-layer-0\" \n\t\t\t\t\t\t\t\tdata-type=\"text\"\n\t\t\t\t\t\t\t\tdata-color=\"#000000\"\n\t\t\t\t\t\t\t\tdata-rsp_ch=\"on\"\n\t\t\t\t\t\t\t\tdata-xy=\"x:13px;y:177px;\"\n\t\t\t\t\t\t\t\tdata-text=\"w:normal;s:32;l:40;fw:900;\"\n\t\t\t\t\t\t\t\tdata-frame_0=\"x:left;\"\n\t\t\t\t\t\t\t\tdata-frame_1=\"sp:1000;\"\n\t\t\t\t\t\t\t\tdata-frame_999=\"o:0;st:w;sR:8000;\"\n\t\t\t\t\t\t\t\tstyle=\"z-index:6;font-family:'Roboto';text-transform:uppercase;\"\n\t\t\t\t\t\t\t>Nj\u00eb e shtun\u00eb n\u00eb fundprill \n\t\t\t\t\t\t\t<\/rs-layer><!--\n\n\t\t\t\t\t\t\t--><rs-layer\n\t\t\t\t\t\t\t\tid=\"slider-1-slide-1-layer-1\" \n\t\t\t\t\t\t\t\tdata-type=\"text\"\n\t\t\t\t\t\t\t\tdata-color=\"#000\"\n\t\t\t\t\t\t\t\tdata-rsp_ch=\"on\"\n\t\t\t\t\t\t\t\tdata-xy=\"x:47px;y:241px;\"\n\t\t\t\t\t\t\t\tdata-text=\"w:normal;s:32;l:36;ls:1;\"\n\t\t\t\t\t\t\t\tdata-dim=\"minh:0px;\"\n\t\t\t\t\t\t\t\tdata-frame_0=\"x:-50;\"\n\t\t\t\t\t\t\t\tdata-frame_1=\"st:450;sp:1000;sR:450;\"\n\t\t\t\t\t\t\t\tdata-frame_999=\"o:0;st:w;sR:7550;\"\n\t\t\t\t\t\t\t\tstyle=\"z-index:7;font-family:'Indie Flower';\"\n\t\t\t\t\t\t\t>Autor: Daim Miftari<br \/>\nFormati: A5<br \/>\nFaqe: 112 \n\t\t\t\t\t\t\t<\/rs-layer><!--\n\n\t\t\t\t\t\t\t--><rs-layer\n\t\t\t\t\t\t\t\tid=\"slider-1-slide-1-layer-2\" \n\t\t\t\t\t\t\t\tdata-type=\"text\"\n\t\t\t\t\t\t\t\tdata-color=\"#ff3a2d\"\n\t\t\t\t\t\t\t\tdata-rsp_ch=\"on\"\n\t\t\t\t\t\t\t\tdata-xy=\"x:32px;y:383px;\"\n\t\t\t\t\t\t\t\tdata-text=\"w:normal;s:36;l:40;ls:1;fw:500;\"\n\t\t\t\t\t\t\t\tdata-dim=\"minh:0px;\"\n\t\t\t\t\t\t\t\tdata-frame_0=\"x:left;\"\n\t\t\t\t\t\t\t\tdata-frame_1=\"st:830;sp:1000;sR:830;\"\n\t\t\t\t\t\t\t\tdata-frame_999=\"o:0;st:w;sR:7170;\"\n\t\t\t\t\t\t\t\tstyle=\"z-index:8;font-family:'Roboto';\"\n\t\t\t\t\t\t\t>-20% 340mkd \n\t\t\t\t\t\t\t<\/rs-layer><!--\n-->\t\t\t\t\t<\/rs-slide>\n\t\t\t\t\t\t<rs-slide style=\"position: absolute;\" data-key=\"rs-2\" data-title=\"Slide\" data-thumb=\"\/\/shop.logos-a.com\/wp-content\/uploads\/2024\/05\/md-50x100.jpg\" data-in=\"o:0;\" data-out=\"a:false;\">\n\t\t\t\t\t\t\t<img decoding=\"async\" src=\"\/\/shop.logos-a.com\/wp-content\/plugins\/revslider\/sr6\/assets\/assets\/dummy.png\" alt=\"\" title=\"md\" width=\"2048\" height=\"1366\" class=\"rev-slidebg tp-rs-img rs-lazyload\" data-lazyload=\"\/\/shop.logos-a.com\/wp-content\/uploads\/2024\/05\/md.jpg\" data-no-retina>\n<!--\n\t\t\t\t\t\t\t--><rs-layer\n\t\t\t\t\t\t\t\tid=\"slider-1-slide-2-layer-0\" \n\t\t\t\t\t\t\t\tdata-type=\"text\"\n\t\t\t\t\t\t\t\tdata-color=\"#000000\"\n\t\t\t\t\t\t\t\tdata-rsp_ch=\"on\"\n\t\t\t\t\t\t\t\tdata-xy=\"x:13px;y:177px;\"\n\t\t\t\t\t\t\t\tdata-text=\"w:normal;s:32;l:40;fw:900;\"\n\t\t\t\t\t\t\t\tdata-frame_0=\"x:left;\"\n\t\t\t\t\t\t\t\tdata-frame_1=\"sp:1000;\"\n\t\t\t\t\t\t\t\tdata-frame_999=\"o:0;st:w;sR:8000;\"\n\t\t\t\t\t\t\t\tstyle=\"z-index:6;font-family:'Roboto';text-transform:uppercase;\"\n\t\t\t\t\t\t\t>MITI I DEMOKRACIS\u00cb \n\t\t\t\t\t\t\t<\/rs-layer><!--\n\n\t\t\t\t\t\t\t--><rs-layer\n\t\t\t\t\t\t\t\tid=\"slider-1-slide-2-layer-1\" \n\t\t\t\t\t\t\t\tdata-type=\"text\"\n\t\t\t\t\t\t\t\tdata-color=\"#000\"\n\t\t\t\t\t\t\t\tdata-rsp_ch=\"on\"\n\t\t\t\t\t\t\t\tdata-xy=\"x:47px;y:241px;\"\n\t\t\t\t\t\t\t\tdata-text=\"w:normal;s:32;l:36;ls:1;\"\n\t\t\t\t\t\t\t\tdata-dim=\"minh:0px;\"\n\t\t\t\t\t\t\t\tdata-frame_0=\"x:-50;\"\n\t\t\t\t\t\t\t\tdata-frame_1=\"st:450;sp:1000;sR:450;\"\n\t\t\t\t\t\t\t\tdata-frame_999=\"o:0;st:w;sR:7550;\"\n\t\t\t\t\t\t\t\tstyle=\"z-index:7;font-family:'Indie Flower';\"\n\t\t\t\t\t\t\t>Autor: Tage Lindbom<br \/>\nFormati: A5<br \/>\nFaqe: 148 \n\t\t\t\t\t\t\t<\/rs-layer><!--\n\n\t\t\t\t\t\t\t--><rs-layer\n\t\t\t\t\t\t\t\tid=\"slider-1-slide-2-layer-2\" \n\t\t\t\t\t\t\t\tdata-type=\"text\"\n\t\t\t\t\t\t\t\tdata-color=\"#ff3a2d\"\n\t\t\t\t\t\t\t\tdata-rsp_ch=\"on\"\n\t\t\t\t\t\t\t\tdata-xy=\"x:32px;y:383px;\"\n\t\t\t\t\t\t\t\tdata-text=\"w:normal;s:36;l:40;ls:1;fw:500;\"\n\t\t\t\t\t\t\t\tdata-dim=\"minh:0px;\"\n\t\t\t\t\t\t\t\tdata-frame_0=\"x:left;\"\n\t\t\t\t\t\t\t\tdata-frame_1=\"st:830;sp:1000;sR:830;\"\n\t\t\t\t\t\t\t\tdata-frame_999=\"o:0;st:w;sR:7170;\"\n\t\t\t\t\t\t\t\tstyle=\"z-index:8;font-family:'Roboto';\"\n\t\t\t\t\t\t\t>-30% 320mkd \n\t\t\t\t\t\t\t<\/rs-layer><!--\n-->\t\t\t\t\t<\/rs-slide>\n\t\t\t\t\t<\/rs-slides>\n\t\t\t\t<\/rs-module>\n\t\t\t\t<script>\n\t\t\t\t\tsetREVStartSize({c: 'rev_slider_1_1',rl:[1240,1024,778,480],el:[660],gw:[1240],gh:[660],type:'standard',justify:'',layout:'fullwidth',mh:\"0\"});if (window.RS_MODULES!==undefined && window.RS_MODULES.modules!==undefined && window.RS_MODULES.modules[\"revslider11\"]!==undefined) {window.RS_MODULES.modules[\"revslider11\"].once = false;window.revapi1 = undefined;if (window.RS_MODULES.checkMinimal!==undefined) window.RS_MODULES.checkMinimal()}\n\t\t\t\t<\/script>\n\t\t\t<\/rs-module-wrap>\n\t\t\t<!-- END REVOLUTION SLIDER -->\n[\/vc_column][\/vc_row][vc_row wrap_container=&#8221;yes&#8221; animation_delay=&#8221;300&#8243; animation_type=&#8221;fadeIn&#8221; conditional_render=&#8221;%5B%7B%22value_role%22%3A%22administrator%22%7D%5D&#8221; css=&#8221;.vc_custom_1715602479841{margin-top: 30px !important;}&#8221;][vc_column][vc_column_text css=&#8221;&#8221; el_class=&#8221;pull-right&#8221;]<a class=\"font-weight-semibold text-color-primary text-uppercase\" style=\"font-size: 12px;\" title=\"Shop\" href=\"#\">Shih gjitha produktet<i class=\"fas fa-long-arrow-alt-right ms-1\"><\/i><\/a>[\/vc_column_text][vc_custom_heading text=&#8221;Librat m\u00eb t\u00eb shitur&#8221; font_container=&#8221;tag:h2|font_size:16|text_align:left&#8221; use_theme_fonts=&#8221;yes&#8221; css=&#8221;.vc_custom_1562365569963{margin-bottom: 20px !important;border-bottom-width: 1px !important;padding-bottom: 10px !important;border-bottom-color: #e7e7e7 !important;border-bottom-style: solid !important;}&#8221; font_weight=&#8221;500&#8243;][\/vc_column][vc_column width=&#8221;1\/3&#8243; is_section=&#8221;yes&#8221; section_skin=&#8221;light&#8221; remove_margin_top=&#8221;yes&#8221; remove_margin_bottom=&#8221;yes&#8221; remove_border=&#8221;yes&#8221; css=&#8221;.vc_custom_1562368790485{border-right-width: 2px !important;border-bottom-width: 2px !important;border-right-color: #f4f4f4 !important;border-right-style: solid !important;border-bottom-color: #f4f4f4 !important;border-bottom-style: solid !important;}&#8221; el_class=&#8221;d-flex align-items-center&#8221;][vc_custom_heading text=&#8221;<i>BOOK CLUB<\/i>&#8221; font_container=&#8221;tag:h5|font_size:18|text_align:center|color:rgba(34%2C37%2C41%2C0.6)|line_height:1&#8243; use_theme_fonts=&#8221;yes&#8221; font_weight=&#8221;200&#8243; el_class=&#8221;mb-1&#8243;][vc_custom_heading text=&#8221;Nj\u00eb p\u00ebrzgjedhje me vet\u00ebm librat m\u00eb t\u00eb mir\u00eb&#8221; font_container=&#8221;tag:h2|font_size:28|text_align:center|line_height:32px&#8221; use_theme_fonts=&#8221;yes&#8221; font_weight=&#8221;600&#8243; el_class=&#8221;px-5 text-color-dark&#8221;][vc_single_image image=&#8221;2589&#8243; img_size=&#8221;full&#8221; alignment=&#8221;center&#8221; css=&#8221;.vc_custom_1562368703661{margin-bottom: 43px !important;}&#8221; el_class=&#8221;px-4 px-xl-5&#8243;][vc_btn title=&#8221;EKSPLORO LIBRAT&#8221; size=&#8221;xl&#8221; align=&#8221;center&#8221; i_align=&#8221;right&#8221; i_icon_fontawesome=&#8221;fas fa-long-arrow-alt-right&#8221; css=&#8221;&#8221; skin=&#8221;primary&#8221; add_icon=&#8221;true&#8221; link=&#8221;url:%23|title:Shop|&#8221; el_class=&#8221;mb-0&#8243;][\/vc_column][vc_column width=&#8221;2\/3&#8243;]<style scope=\"scope\"><\/style><div id=\"porto-products-6d70fc0268cfd791cefd28141675539d\" class=\"porto-products wpb_content_element no-border mb-0 default wpb_custom_2f919be751fbd6eb572bff66a2b166ce\"><div class=\"woocommerce columns-4 \"><\/div><\/div>[\/vc_column][\/vc_row][vc_row wrap_container=&#8221;yes&#8221; is_section=&#8221;yes&#8221; section_skin=&#8221;parallax&#8221; remove_margin_top=&#8221;yes&#8221; remove_margin_bottom=&#8221;yes&#8221; remove_border=&#8221;yes&#8221;][vc_column width=&#8221;1\/3&#8243; animation_delay=&#8221;200&#8243; el_class=&#8221;mb-3&#8243; animation_type=&#8221;fadeInLeft&#8221;][vc_row_inner css=&#8221;.vc_custom_1562370767009{padding-top: 45px !important;padding-bottom: 30px !important;background-image: url(\/\/sw-themes.com\/porto_dummy\/wp-content\/uploads\/2019\/07\/shop25_home_banner1.jpg?id=2598) !important;background-position: center !important;background-repeat: no-repeat !important;background-size: cover !important;}&#8221; el_class=&#8221;no-padding mx-0 justify-content-end&#8221;][vc_column_inner el_class=&#8221;pe-4 col-auto&#8221; width=&#8221;3\/5&#8243;][vc_custom_heading text=&#8221;Fituesit e \u00e7mimeve&#8221; font_container=&#8221;tag:h2|font_size:19|text_align:left|line_height:1&#8243; use_theme_fonts=&#8221;yes&#8221; text_transform=&#8221;text-uppercase&#8221; font_weight=&#8221;600&#8243; skin=&#8221;light&#8221; el_class=&#8221;mb-2 ls-negative-03&#8243;][vc_custom_heading text=&#8221;12 Libra&#8221; font_container=&#8221;tag:p|text_align:left|color:rgba(255%2C255%2C255%2C0.5)&#8221; use_theme_fonts=&#8221;yes&#8221; el_class=&#8221;mb-3&#8243;][vc_btn title=&#8221;SHIKO KOLLEKSIONET&#8221; i_align=&#8221;right&#8221; i_icon_fontawesome=&#8221;fas fa-long-arrow-alt-right&#8221; css=&#8221;&#8221; skin=&#8221;primary&#8221; add_icon=&#8221;true&#8221; el_class=&#8221;mb-0&#8243; link=&#8221;url:%23|&#8221;][\/vc_column_inner][\/vc_row_inner][\/vc_column][vc_column width=&#8221;1\/3&#8243; animation_delay=&#8221;400&#8243; el_class=&#8221;mb-3&#8243; animation_type=&#8221;fadeInLeft&#8221;][vc_row_inner css=&#8221;.vc_custom_1562370986650{padding-top: 45px !important;padding-bottom: 30px !important;background-image: url(\/\/sw-themes.com\/porto_dummy\/wp-content\/uploads\/2019\/07\/shop25_home_banner2.jpg?id=2599) !important;background-position: center !important;background-repeat: no-repeat !important;background-size: cover !important;}&#8221; el_class=&#8221;no-padding mx-0 justify-content-end&#8221;][vc_column_inner el_class=&#8221;pe-4 col-auto&#8221; width=&#8221;3\/5&#8243;][vc_custom_heading text=&#8221;Oferta n\u00eb libra&#8221; font_container=&#8221;tag:h2|font_size:19|text_align:left|line_height:1&#8243; use_theme_fonts=&#8221;yes&#8221; text_transform=&#8221;text-uppercase&#8221; font_weight=&#8221;600&#8243; skin=&#8221;light&#8221; el_class=&#8221;mb-2 ls-negative-03&#8243;][vc_custom_heading text=&#8221;21 Libra&#8221; font_container=&#8221;tag:p|text_align:left|color:rgba(255%2C255%2C255%2C0.5)&#8221; use_theme_fonts=&#8221;yes&#8221; el_class=&#8221;mb-3&#8243;][vc_btn title=&#8221;SHIKO KOLLEKSIONET&#8221; i_align=&#8221;right&#8221; i_icon_fontawesome=&#8221;fas fa-long-arrow-alt-right&#8221; skin=&#8221;secondary&#8221; add_icon=&#8221;true&#8221; el_class=&#8221;mb-0&#8243;][\/vc_column_inner][\/vc_row_inner][\/vc_column][vc_column width=&#8221;1\/3&#8243; animation_delay=&#8221;600&#8243; el_class=&#8221;mb-5&#8243; animation_type=&#8221;fadeInLeft&#8221;][vc_row_inner css=&#8221;.vc_custom_1562370997760{padding-top: 45px !important;padding-bottom: 30px !important;background-image: url(\/\/sw-themes.com\/porto_dummy\/wp-content\/uploads\/2019\/07\/shop25_home_banner3.jpg?id=2596) !important;background-position: center !important;background-repeat: no-repeat !important;background-size: cover !important;}&#8221; el_class=&#8221;no-padding mx-0 justify-content-end&#8221;][vc_column_inner el_class=&#8221;pe-4 col-auto&#8221; width=&#8221;3\/5&#8243;][vc_custom_heading text=&#8221;ME TE DHURUARA&#8221; font_container=&#8221;tag:h2|font_size:19|text_align:left|line_height:1&#8243; use_theme_fonts=&#8221;yes&#8221; text_transform=&#8221;text-uppercase&#8221; font_weight=&#8221;600&#8243; skin=&#8221;light&#8221; el_class=&#8221;mb-2 ls-negative-03&#8243;][vc_custom_heading text=&#8221;38 Libra&#8221; font_container=&#8221;tag:p|text_align:left|color:rgba(255%2C255%2C255%2C0.5)&#8221; use_theme_fonts=&#8221;yes&#8221; el_class=&#8221;mb-3&#8243;][vc_btn title=&#8221;SHIKO KOLLEKSIONET&#8221; i_align=&#8221;right&#8221; i_icon_fontawesome=&#8221;fas fa-long-arrow-alt-right&#8221; css=&#8221;&#8221; skin=&#8221;tertiary&#8221; add_icon=&#8221;true&#8221; el_class=&#8221;mb-0&#8243; link=&#8221;url:%23|&#8221;][\/vc_column_inner][\/vc_row_inner][\/vc_column][vc_column animation_delay=&#8221;200&#8243; animation_type=&#8221;fadeInUp&#8221;][vc_custom_heading text=&#8221;Librat e ve\u00e7uar&#8221; font_container=&#8221;tag:h2|font_size:16|text_align:left|line_height:20px&#8221; use_theme_fonts=&#8221;yes&#8221; css=&#8221;.vc_custom_1562371776830{margin-bottom: 20px !important;}&#8221; font_weight=&#8221;500&#8243; show_border=&#8221;yes&#8221; border_size=&#8221;xs&#8221; border_color=&#8221;#e7e7e7&#8243;]<div id=\"porto-products-9e0c4dee1f2f2fd12506a77038e0d92c\" class=\"porto-products wpb_content_element mb-0 theme_option wpb_custom_aeb2ba7df7a27d76048c02dc3283b7c5\"><div class=\"woocommerce columns-6 \"><\/div><\/div>[\/vc_column][\/vc_row][vc_row wrap_container=&#8221;yes&#8221; content_placement=&#8221;middle&#8221; el_class=&#8221;bg-pos-right&#8221; css=&#8221;.vc_custom_1715602356988{padding-top: 60px !important;padding-bottom: 60px !important;background: #dddddd url(\/\/sw-themes.com\/porto_dummy\/wp-content\/uploads\/2019\/07\/shop25_home_book.png?id=2597) !important;background-position: 0 0 !important;background-repeat: no-repeat !important;}&#8221; conditional_render=&#8221;%5B%7B%22value_role%22%3A%22administrator%22%7D%5D&#8221;][vc_column width=&#8221;7\/12&#8243; animation_delay=&#8221;200&#8243; offset=&#8221;vc_col-md-5 vc_col-xs-7&#8243; el_class=&#8221;mb-4 mb-lg-0&#8243; animation_type=&#8221;fadeInRight&#8221;][vc_custom_heading text=&#8221;<i>DISPOZIME NJ\u00cb HER N\u00cb VIT<\/i>&#8221; font_container=&#8221;tag:h5|font_size:18|text_align:left|color:rgba(255%2C255%2C255%2C0.6)|line_height:1.5&#8243; use_theme_fonts=&#8221;yes&#8221; text_transform=&#8221;text-uppercase&#8221; font_weight=&#8221;200&#8243; el_class=&#8221;mb-0&#8243;]<div class=\"porto-u-heading mb-0 d-inline-block subheading-text-end  wpb_custom_95aa9a11c17ad45cfabaf210d84ee7cc porto-u-ad87e2eaf3f9c495180fe0156ddf3eb0 \"><div class=\"porto-u-main-heading\"><h2   style=\"font-weight:600;color:#ffffff;font-size:29px;line-height:40px;\">Get 30% off on orders over $299<\/h2><\/div><div class=\"porto-u-sub-heading\" style=\"font-weight:500;color: #ffffff;font-size:12px;line-height:16px;\">* LIBRAT E ZGJEDHUR<\/div><style>.porto-u-ad87e2eaf3f9c495180fe0156ddf3eb0.porto-u-heading{text-align:left}<\/style><\/div>[\/vc_column][vc_column width=&#8221;7\/12&#8243; animation_delay=&#8221;500&#8243; offset=&#8221;vc_col-md-3 vc_col-xs-7&#8243; animation_type=&#8221;fadeInRight&#8221;][vc_btn title=&#8221;EKSPLORO LIBRAT&#8221; size=&#8221;xl&#8221; i_align=&#8221;right&#8221; i_icon_fontawesome=&#8221;fas fa-long-arrow-alt-right&#8221; css=&#8221;&#8221; skin=&#8221;quaternary&#8221; add_icon=&#8221;true&#8221; el_class=&#8221;mb-0&#8243; link=&#8221;url:%23|&#8221;][\/vc_column][\/vc_row][vc_row wrap_container=&#8221;yes&#8221; animation_delay=&#8221;200&#8243; animation_type=&#8221;fadeIn&#8221; conditional_render=&#8221;%5B%7B%22value_role%22%3A%22administrator%22%7D%5D&#8221;][vc_column][vc_custom_heading text=&#8221;Librat e fundit&#8221; font_container=&#8221;tag:h2|font_size:16|text_align:left|line_height:20px&#8221; use_theme_fonts=&#8221;yes&#8221; css=&#8221;.vc_custom_1562373389453{margin-bottom: 20px !important;}&#8221; font_weight=&#8221;500&#8243; show_border=&#8221;yes&#8221; border_size=&#8221;xs&#8221; border_color=&#8221;#e7e7e7&#8243;]<div id=\"porto-products-9e0c4dee1f2f2fd12506a77038e0d92c\" class=\"porto-products wpb_content_element mb-0 product-bg-white theme_option wpb_custom_2f10bec59c2c2add09bfeaba6f81afb0\"><div class=\"woocommerce columns-6 \"><\/div><\/div>[\/vc_column][\/vc_row][vc_row wrap_container=&#8221;yes&#8221; is_section=&#8221;yes&#8221; section_skin=&#8221;parallax&#8221; remove_margin_top=&#8221;yes&#8221; remove_margin_bottom=&#8221;yes&#8221; remove_border=&#8221;yes&#8221; animation_delay=&#8221;200&#8243; el_class=&#8221;footer-top&#8221; animation_type=&#8221;fadeIn&#8221;][vc_column]\n<div class=\"wpcf7 no-js\" id=\"wpcf7-f1546-o1\" lang=\"en-US\" dir=\"ltr\" data-wpcf7-id=\"1546\">\n<div class=\"screen-reader-response\"><p role=\"status\" aria-live=\"polite\" aria-atomic=\"true\"><\/p> <ul><\/ul><\/div>\n<form action=\"\/sq\/wp-json\/wp\/v2\/pages\/5804#wpcf7-f1546-o1\" method=\"post\" class=\"wpcf7-form init\" aria-label=\"Contact form\" novalidate=\"novalidate\" data-status=\"init\">\n<fieldset class=\"hidden-fields-container\"><input type=\"hidden\" name=\"_wpcf7\" value=\"1546\" \/><input type=\"hidden\" name=\"_wpcf7_version\" value=\"6.1.5\" \/><input type=\"hidden\" name=\"_wpcf7_locale\" value=\"en_US\" \/><input type=\"hidden\" name=\"_wpcf7_unit_tag\" value=\"wpcf7-f1546-o1\" \/><input type=\"hidden\" name=\"_wpcf7_container_post\" value=\"0\" \/><input type=\"hidden\" name=\"_wpcf7_posted_data_hash\" value=\"\" \/>\n<\/fieldset>\n<p class=\"mb-2\"><i class=\"far fa-envelope\" style=\"font-size: 30px; line-height: 1; color: #333;\"><\/i><\/p>\n<h2 class=\"mb-0\">Subscribe to Our Newsletter<\/h2>\n<p class=\"mb-4\">Get all the latest information on Events, Sales and Offers.<\/p>\n<div class=\"widget_wysija_cont widget_wysija\">\n    <div class=\"wysija-paragraph\">\n        <span class=\"wpcf7-form-control-wrap\" data-name=\"your-email\"><input size=\"40\" maxlength=\"400\" class=\"wpcf7-form-control wpcf7-email wpcf7-validates-as-required wpcf7-text wpcf7-validates-as-email form-control wysija-input\" aria-required=\"true\" aria-invalid=\"false\" placeholder=\"Enter Your E-mail Address...\" value=\"\" type=\"email\" name=\"your-email\" \/><\/span>\n    <\/div>\n    <div class=\"d-table-cell\">\n        <input class=\"wpcf7-form-control wpcf7-submit has-spinner btn btn-dark wysija-submit font-weight-bold\" type=\"submit\" value=\"SUBSCRIBE\" \/>\n    <\/div>\n<\/div><div class=\"wpcf7-response-output\" aria-hidden=\"true\"><\/div>\n<\/form>\n<\/div>\n[\/vc_column][\/vc_row]<\/p>\n<\/div>","protected":false},"excerpt":{"rendered":"<p>[vc_row wrap_container=&#8221;yes&#8221; conditional_render=&#8221;%5B%7B%22value_role%22%3A%22administrator%22%7D%5D&#8221;][vc_column width=&#8221;1\/4&#8243;][\/vc_column][vc_column width=&#8221;3\/4&#8243;][\/vc_column][\/vc_row][vc_row wrap_container=&#8221;yes&#8221; animation_delay=&#8221;300&#8243; animation_type=&#8221;fadeIn&#8221; conditional_render=&#8221;%5B%7B%22value_role%22%3A%22administrator%22%7D%5D&#8221; css=&#8221;.vc_custom_1715602479841{margin-top: 30px !important;}&#8221;][vc_column][vc_column_text css=&#8221;&#8221; el_class=&#8221;pull-right&#8221;]Shih gjitha produktet[\/vc_column_text][vc_custom_heading text=&#8221;Librat m\u00eb t\u00eb shitur&#8221; font_container=&#8221;tag:h2|font_size:16|text_align:left&#8221; use_theme_fonts=&#8221;yes&#8221; css=&#8221;.vc_custom_1562365569963{margin-bottom: 20px !important;border-bottom-width: 1px !important;padding-bottom: 10px !important;border-bottom-color: #e7e7e7 !important;border-bottom-style: solid !important;}&#8221; font_weight=&#8221;500&#8243;][\/vc_column][vc_column width=&#8221;1\/3&#8243; is_section=&#8221;yes&#8221; section_skin=&#8221;light&#8221; remove_margin_top=&#8221;yes&#8221; remove_margin_bottom=&#8221;yes&#8221; remove_border=&#8221;yes&#8221; css=&#8221;.vc_custom_1562368790485{border-right-width: 2px !important;border-bottom-width: 2px !important;border-right-color: #f4f4f4 !important;border-right-style: solid !important;border-bottom-color: #f4f4f4 !important;border-bottom-style: solid !important;}&#8221; el_class=&#8221;d-flex align-items-center&#8221;][vc_custom_heading [&hellip;]<\/p>\n","protected":false},"author":1,"featured_media":0,"parent":0,"menu_order":0,"comment_status":"closed","ping_status":"closed","template":"","meta":{"footnotes":""},"class_list":["post-5804","page","type-page","status-publish","hentry"],"_links":{"self":[{"href":"https:\/\/shop.logos-a.com\/sq\/wp-json\/wp\/v2\/pages\/5804","targetHints":{"allow":["GET"]}}],"collection":[{"href":"https:\/\/shop.logos-a.com\/sq\/wp-json\/wp\/v2\/pages"}],"about":[{"href":"https:\/\/shop.logos-a.com\/sq\/wp-json\/wp\/v2\/types\/page"}],"author":[{"embeddable":true,"href":"https:\/\/shop.logos-a.com\/sq\/wp-json\/wp\/v2\/users\/1"}],"replies":[{"embeddable":true,"href":"https:\/\/shop.logos-a.com\/sq\/wp-json\/wp\/v2\/comments?post=5804"}],"version-history":[{"count":2,"href":"https:\/\/shop.logos-a.com\/sq\/wp-json\/wp\/v2\/pages\/5804\/revisions"}],"predecessor-version":[{"id":5806,"href":"https:\/\/shop.logos-a.com\/sq\/wp-json\/wp\/v2\/pages\/5804\/revisions\/5806"}],"wp:attachment":[{"href":"https:\/\/shop.logos-a.com\/sq\/wp-json\/wp\/v2\/media?parent=5804"}],"curies":[{"name":"wp","href":"https:\/\/api.w.org\/{rel}","templated":true}]}}